{"id":81,"date":"2021-07-11T21:07:18","date_gmt":"2021-07-11T21:07:18","guid":{"rendered":"https:\/\/dispel.rs\/wp\/?page_id=81"},"modified":"2022-01-19T15:15:05","modified_gmt":"2022-01-19T15:15:05","slug":"o-nama","status":"publish","type":"page","link":"https:\/\/dispel.rs\/wp\/o-nama\/","title":{"rendered":"O Nama"},"content":{"rendered":"\t\t<div data-elementor-type=\"wp-page\" data-elementor-id=\"81\" class=\"elementor elementor-81\" data-elementor-settings=\"[]\">\n\t\t\t\t\t\t\t<div class=\"elementor-section-wrap\">\n\t\t\t\t\t\t\t<section data-particle_enable=\"false\" data-particle-mobile-disabled=\"false\" class=\"elementor-section elementor-top-section elementor-element elementor-element-2e73951 elementor-section-boxed elementor-section-height-default elementor-section-height-default\" data-id=\"2e73951\" data-element_type=\"section\" data-settings=\"{&quot;background_background&quot;:&quot;classic&quot;,&quot;sticky&quot;:&quot;top&quot;,&quot;sticky_on&quot;:[&quot;desktop&quot;,&quot;tablet&quot;,&quot;mobile&quot;],&quot;sticky_offset&quot;:0,&quot;sticky_effects_offset&quot;:0}\">\n\t\t\t\t\t\t<div class=\"elementor-container elementor-column-gap-default\">\n\t\t\t\t\t<div class=\"elementor-column elementor-col-50 elementor-top-column elementor-element elementor-element-01b1092\" data-id=\"01b1092\" data-element_type=\"column\">\n\t\t\t<div class=\"elementor-widget-wrap elementor-element-populated\">\n\t\t\t\t\t\t\t\t<div class=\"elementor-element elementor-element-091d284 elementor-widget elementor-widget-image\" data-id=\"091d284\" data-element_type=\"widget\" data-widget_type=\"image.default\">\n\t\t\t\t<div class=\"elementor-widget-container\">\n\t\t\t\t\t\t\t\t\t\t\t\t\t\t\t<img decoding=\"async\" src=\"https:\/\/dispel.rs\/wp\/wp-content\/uploads\/elementor\/thumbs\/dispel-p9uvjvedl7u6x9o8g7c863q6x3u5idz1j7b1wuhrig.png\" title=\"dispel\" alt=\"dispel\" \/>\t\t\t\t\t\t\t\t\t\t\t\t\t\t\t<\/div>\n\t\t\t\t<\/div>\n\t\t\t\t\t<\/div>\n\t\t<\/div>\n\t\t\t\t<div class=\"elementor-column elementor-col-50 elementor-top-column elementor-element elementor-element-fa4ffbe\" data-id=\"fa4ffbe\" data-element_type=\"column\">\n\t\t\t<div class=\"elementor-widget-wrap elementor-element-populated\">\n\t\t\t\t\t\t\t\t<div class=\"elementor-element elementor-element-031de7e elementor-nav-menu__align-right elementor-nav-menu--dropdown-tablet elementor-nav-menu__text-align-aside elementor-nav-menu--toggle elementor-nav-menu--burger elementor-widget elementor-widget-nav-menu\" data-id=\"031de7e\" data-element_type=\"widget\" data-settings=\"{&quot;layout&quot;:&quot;horizontal&quot;,&quot;submenu_icon&quot;:{&quot;value&quot;:&quot;fas fa-caret-down&quot;,&quot;library&quot;:&quot;fa-solid&quot;},&quot;toggle&quot;:&quot;burger&quot;}\" data-widget_type=\"nav-menu.default\">\n\t\t\t\t<div class=\"elementor-widget-container\">\n\t\t\t\t\t\t<nav migration_allowed=\"1\" migrated=\"0\" role=\"navigation\" class=\"elementor-nav-menu--main elementor-nav-menu__container elementor-nav-menu--layout-horizontal e--pointer-none\"><ul id=\"menu-1-031de7e\" class=\"elementor-nav-menu\"><li class=\"menu-item menu-item-type-post_type menu-item-object-page menu-item-home menu-item-433\"><a href=\"https:\/\/dispel.rs\/wp\/\" class=\"elementor-item menu-link\">Naslovna<\/a><\/li>\n<li class=\"menu-item menu-item-type-post_type menu-item-object-page menu-item-436\"><a href=\"https:\/\/dispel.rs\/wp\/o-nama\/\" class=\"elementor-item menu-link\">O Nama<\/a><\/li>\n<li class=\"menu-item menu-item-type-post_type menu-item-object-page menu-item-435\"><a href=\"https:\/\/dispel.rs\/wp\/nasi-radovi\/\" class=\"elementor-item menu-link\">Na\u0161i radovi<\/a><\/li>\n<li class=\"menu-item menu-item-type-post_type menu-item-object-page menu-item-434\"><a href=\"https:\/\/dispel.rs\/wp\/kontakt\/\" class=\"elementor-item menu-link\">Kontakt<\/a><\/li>\n<\/ul><\/nav>\n\t\t\t\t\t<div class=\"elementor-menu-toggle\" role=\"button\" tabindex=\"0\" aria-label=\"Menu Toggle\" aria-expanded=\"false\">\n\t\t\t<i class=\"eicon-menu-bar\" aria-hidden=\"true\" role=\"presentation\"><\/i>\n\t\t\t<span class=\"elementor-screen-only\">Menu<\/span>\n\t\t<\/div>\n\t\t\t<nav class=\"elementor-nav-menu--dropdown elementor-nav-menu__container\" role=\"navigation\" aria-hidden=\"true\"><ul id=\"menu-2-031de7e\" class=\"elementor-nav-menu\"><li class=\"menu-item menu-item-type-post_type menu-item-object-page menu-item-home menu-item-433\"><a href=\"https:\/\/dispel.rs\/wp\/\" class=\"elementor-item menu-link\" tabindex=\"-1\">Naslovna<\/a><\/li>\n<li class=\"menu-item menu-item-type-post_type menu-item-object-page menu-item-436\"><a href=\"https:\/\/dispel.rs\/wp\/o-nama\/\" class=\"elementor-item menu-link\" tabindex=\"-1\">O Nama<\/a><\/li>\n<li class=\"menu-item menu-item-type-post_type menu-item-object-page menu-item-435\"><a href=\"https:\/\/dispel.rs\/wp\/nasi-radovi\/\" class=\"elementor-item menu-link\" tabindex=\"-1\">Na\u0161i radovi<\/a><\/li>\n<li class=\"menu-item menu-item-type-post_type menu-item-object-page menu-item-434\"><a href=\"https:\/\/dispel.rs\/wp\/kontakt\/\" class=\"elementor-item menu-link\" tabindex=\"-1\">Kontakt<\/a><\/li>\n<\/ul><\/nav>\n\t\t\t\t<\/div>\n\t\t\t\t<\/div>\n\t\t\t\t\t<\/div>\n\t\t<\/div>\n\t\t\t\t\t\t\t<\/div>\n\t\t<\/section>\n\t\t\t\t<section data-particle_enable=\"false\" data-particle-mobile-disabled=\"false\" class=\"elementor-section elementor-top-section elementor-element elementor-element-773817dd elementor-reverse-mobile elementor-section-boxed elementor-section-height-default elementor-section-height-default\" data-id=\"773817dd\" data-element_type=\"section\" data-settings=\"{&quot;background_background&quot;:&quot;classic&quot;}\">\n\t\t\t\t\t\t<div class=\"elementor-container elementor-column-gap-no\">\n\t\t\t\t\t<div class=\"elementor-column elementor-col-50 elementor-top-column elementor-element elementor-element-3a12dc79\" data-id=\"3a12dc79\" data-element_type=\"column\">\n\t\t\t<div class=\"elementor-widget-wrap elementor-element-populated\">\n\t\t\t\t\t\t\t\t<div class=\"elementor-element elementor-element-67182661 elementor-widget elementor-widget-heading\" data-id=\"67182661\" data-element_type=\"widget\" data-widget_type=\"heading.default\">\n\t\t\t\t<div class=\"elementor-widget-container\">\n\t\t\t<h2 class=\"elementor-heading-title elementor-size-default\">O NAMA<\/h2>\t\t<\/div>\n\t\t\t\t<\/div>\n\t\t\t\t<div class=\"elementor-element elementor-element-5f659b7e elementor-widget elementor-widget-text-editor\" data-id=\"5f659b7e\" data-element_type=\"widget\" data-widget_type=\"text-editor.default\">\n\t\t\t\t<div class=\"elementor-widget-container\">\n\t\t\t\t\t\t\t<p>Sa mnogo godina rada, velikim iskustvom i malo hrabrosti 2018. godine osnovali smo Dispel, kao malu porodi\u010dnu radionicu. Veliki broj projekata u oblasti marketinga i vizuelnog obele\u017eavanja dao nam je kredibilitet, ideje i sposobnost da podr\u017eimo svaki plan na\u0161ih klijenata I sprovedemo svaku njihovu potrebu promocije, marketin\u0161kog nastupa ili trajnog ozna\u010davanja prodajnog i poslovnog prostora.<\/p><p>S pravom smo ponosni na full service concept koji obuhvata kreiranje kreativnog koncepta i dizajna, razvoj idejnih re\u0161enja koja se preta\u010du u 3D modele, koji se u narednom koraku preta\u010du u finalno re\u0161enje. Na\u0161i proizvodi su garancija kvaliteta za sve Va\u0161e postavke u enterijeru i eksterijeru poslovnog i prodajnog prostora kroz police\/displeje, svetle\u0107e reklame, brendinge, grafike i druge elemente ozna\u010davanja i brendiranja.<\/p><p>Na\u0161a vizija je da budemo desna ruka, saradnik i oslonac na\u0161ih klijenata od brainstorminga do realizacije.<\/p>\t\t\t\t\t\t<\/div>\n\t\t\t\t<\/div>\n\t\t\t\t\t<\/div>\n\t\t<\/div>\n\t\t\t\t<div class=\"elementor-column elementor-col-50 elementor-top-column elementor-element elementor-element-7f206e37\" data-id=\"7f206e37\" data-element_type=\"column\">\n\t\t\t<div class=\"elementor-widget-wrap elementor-element-populated\">\n\t\t\t\t\t\t\t\t<div class=\"elementor-element elementor-element-72a99655 elementor-widget elementor-widget-image\" data-id=\"72a99655\" data-element_type=\"widget\" data-widget_type=\"image.default\">\n\t\t\t\t<div class=\"elementor-widget-container\">\n\t\t\t\t\t\t\t\t\t\t\t\t\t\t\t<img decoding=\"async\" src=\"https:\/\/dispel.rs\/wp\/wp-content\/uploads\/elementor\/thumbs\/korigovana-1-scaled-piteei6aihmx5fn9xv7nv3eo590t2m9itxvaipzty0.jpg\" title=\"korigovana 1\" alt=\"korigovana 1\" \/>\t\t\t\t\t\t\t\t\t\t\t\t\t\t\t<\/div>\n\t\t\t\t<\/div>\n\t\t\t\t\t<\/div>\n\t\t<\/div>\n\t\t\t\t\t\t\t<\/div>\n\t\t<\/section>\n\t\t\t\t\t\t<\/div>\n\t\t\t\t\t<\/div>\n\t\t","protected":false},"excerpt":{"rendered":"<p>O NAMA Sa mnogo godina rada, velikim iskustvom i malo hrabrosti 2018. godine osnovali smo Dispel, kao malu porodi\u010dnu radionicu. Veliki broj projekata u oblasti marketinga i vizuelnog obele\u017eavanja dao nam je kredibilitet, ideje i sposobnost da podr\u017eimo svaki plan na\u0161ih klijenata I sprovedemo svaku njihovu potrebu promocije, marketin\u0161kog nastupa ili trajnog ozna\u010davanja prodajnog i &hellip;<\/p>\n<p class=\"read-more\"> <a class=\"\" href=\"https:\/\/dispel.rs\/wp\/o-nama\/\"> <span class=\"screen-reader-text\">O Nama<\/span> Read More &raquo;<\/a><\/p>\n","protected":false},"author":1,"featured_media":0,"parent":0,"menu_order":0,"comment_status":"closed","ping_status":"closed","template":"","meta":{"site-sidebar-layout":"default","site-content-layout":"default","ast-main-header-display":"","ast-hfb-above-header-display":"","ast-hfb-below-header-display":"","ast-hfb-mobile-header-display":"","site-post-title":"","ast-breadcrumbs-content":"","ast-featured-img":"","footer-sml-layout":"","theme-transparent-header-meta":"","adv-header-id-meta":"","stick-header-meta":"","header-above-stick-meta":"","header-main-stick-meta":"","header-below-stick-meta":"","footnotes":""},"class_list":["post-81","page","type-page","status-publish","hentry"],"_links":{"self":[{"href":"https:\/\/dispel.rs\/wp\/wp-json\/wp\/v2\/pages\/81","targetHints":{"allow":["GET"]}}],"collection":[{"href":"https:\/\/dispel.rs\/wp\/wp-json\/wp\/v2\/pages"}],"about":[{"href":"https:\/\/dispel.rs\/wp\/wp-json\/wp\/v2\/types\/page"}],"author":[{"embeddable":true,"href":"https:\/\/dispel.rs\/wp\/wp-json\/wp\/v2\/users\/1"}],"replies":[{"embeddable":true,"href":"https:\/\/dispel.rs\/wp\/wp-json\/wp\/v2\/comments?post=81"}],"version-history":[{"count":25,"href":"https:\/\/dispel.rs\/wp\/wp-json\/wp\/v2\/pages\/81\/revisions"}],"predecessor-version":[{"id":538,"href":"https:\/\/dispel.rs\/wp\/wp-json\/wp\/v2\/pages\/81\/revisions\/538"}],"wp:attachment":[{"href":"https:\/\/dispel.rs\/wp\/wp-json\/wp\/v2\/media?parent=81"}],"curies":[{"name":"wp","href":"https:\/\/api.w.org\/{rel}","templated":true}]}}